{"id":16,"date":"2013-01-15T00:42:03","date_gmt":"2013-01-14T22:42:03","guid":{"rendered":"http:\/\/www.technodent.loc\/?page_id=16"},"modified":"2022-05-10T09:20:57","modified_gmt":"2022-05-10T06:20:57","slug":"home_page","status":"publish","type":"page","link":"https:\/\/www.technodent.gr\/de\/","title":{"rendered":"HOME"},"content":{"rendered":"<p><\/p>\n<div id=\"homeLeft\">Unser Labor ist die beste, die &#8222;krank&#8220; Werkzeug vertrauen. Company reparieren Zahn-und zahnmedizinische Ger\u00e4te seit 1992. Die gro\u00dfe Erfahrung in einer Vielzahl von Maschinen erm\u00f6glicht es uns zu r\u00fchmen, dass alle bereit.<\/div>\n<div id=\"homeRight\">\n<div class=\"inDiv\">\n<p><img loading=\"lazy\" decoding=\"async\" src=\"http:\/\/www.technodent.gr\/wp-content\/uploads\/2013\/01\/3M_wordmark.png\" alt=\"3m logo\" width=\"94\" height=\"50\" \/>Wir sind der offizielle autorisierte Service f\u00fcr alle zahnmedizinischen Ger\u00e4ten der Firma 3M.<\/p>\n<\/div>\n<div class=\"inDiv, mesi\">\n<h2>Zertifizierten Service<\/h2>\n<ul>\n<li><a href=\"http:\/\/www.bienair.com\/\" target=\"_blank\" rel=\"noopener\"><img loading=\"lazy\" decoding=\"async\" class=\"alignnone size-full wp-image-444\" src=\"http:\/\/www.technodent.gr\/wp-content\/uploads\/2013\/01\/logo_bienair_100w.png\" alt=\"bien air logo\" width=\"100\" height=\"37\" \/><\/a><\/li>\n<li><a href=\"http:\/\/dental-insights.3m.com\/\" target=\"_blank\" rel=\"noopener\"><img loading=\"lazy\" decoding=\"async\" class=\"alignnone size-full wp-image-446\" src=\"http:\/\/www.technodent.gr\/wp-content\/uploads\/2013\/01\/logo_espe_100w.png\" alt=\"espe logo\" width=\"100\" height=\"34\" \/><\/a><\/li>\n<li><a href=\"http:\/\/www.heraeus.com\/\" target=\"_blank\" rel=\"noopener\"><img loading=\"lazy\" decoding=\"async\" class=\"alignleft size-full wp-image-469\" src=\"http:\/\/www.technodent.gr\/wp-content\/uploads\/2013\/07\/logo_heraeus_100w.png\" alt=\"heraeus logo\" width=\"100\" height=\"41\" \/><\/a><\/li>\n<li><a href=\"http:\/\/www.renfert.com\" target=\"_blank\" rel=\"noopener\"><img loading=\"lazy\" decoding=\"async\" class=\"alignnone size-full wp-image-447\" src=\"http:\/\/www.technodent.gr\/wp-content\/uploads\/2013\/01\/logo_renfert_100w.png\" alt=\"renfert logo\" width=\"100\" height=\"38\" \/><\/a><\/li>\n<li><a href=\"http:\/\/new.ems-company.com\/\" target=\"_blank\" rel=\"noopener\"><img loading=\"lazy\" decoding=\"async\" class=\"alignnone size-full wp-image-445\" src=\"http:\/\/www.technodent.gr\/wp-content\/uploads\/2013\/01\/logo_ems_100w.png\" alt=\"ems logo\" width=\"100\" height=\"18\" \/><\/a><\/li>\n<\/ul>\n<\/div>\n<div class=\"inDiv\">\n<h2>ANDERE REPARATUREN<\/h2>\n<p>Wir reparieren alle Arten von zahnmedizinischen Ger\u00e4ten und zahn\u00e4rztliche Arbeit.<\/p>\n<\/div>\n<\/div>\n<p><\/p>","protected":false},"excerpt":{"rendered":"<p>Unser Labor ist die beste, die &#8222;krank&#8220; Werkzeug vertrauen. Company reparieren Zahn-und zahnmedizinische Ger\u00e4te seit 1992. Die gro\u00dfe Erfahrung in einer Vielzahl von Maschinen erm\u00f6glicht es uns zu r\u00fchmen, dass alle bereit. Wir sind der offizielle autorisierte Service f\u00fcr alle &hellip; <a href=\"https:\/\/www.technodent.gr\/de\/\">Weiterlesen <span class=\"meta-nav\">&rarr;<\/span><\/a><\/p>\n","protected":false},"author":1,"featured_media":150,"parent":0,"menu_order":0,"comment_status":"closed","ping_status":"closed","template":"technodent.php","meta":{"footnotes":""},"class_list":["post-16","page","type-page","status-publish","has-post-thumbnail","hentry"],"_links":{"self":[{"href":"https:\/\/www.technodent.gr\/de\/wp-json\/wp\/v2\/pages\/16","targetHints":{"allow":["GET"]}}],"collection":[{"href":"https:\/\/www.technodent.gr\/de\/wp-json\/wp\/v2\/pages"}],"about":[{"href":"https:\/\/www.technodent.gr\/de\/wp-json\/wp\/v2\/types\/page"}],"author":[{"embeddable":true,"href":"https:\/\/www.technodent.gr\/de\/wp-json\/wp\/v2\/users\/1"}],"replies":[{"embeddable":true,"href":"https:\/\/www.technodent.gr\/de\/wp-json\/wp\/v2\/comments?post=16"}],"version-history":[{"count":31,"href":"https:\/\/www.technodent.gr\/de\/wp-json\/wp\/v2\/pages\/16\/revisions"}],"predecessor-version":[{"id":742,"href":"https:\/\/www.technodent.gr\/de\/wp-json\/wp\/v2\/pages\/16\/revisions\/742"}],"wp:featuredmedia":[{"embeddable":true,"href":"https:\/\/www.technodent.gr\/de\/wp-json\/"}],"wp:attachment":[{"href":"https:\/\/www.technodent.gr\/de\/wp-json\/wp\/v2\/media?parent=16"}],"curies":[{"name":"wp","href":"https:\/\/api.w.org\/{rel}","templated":true}]}}